{"id":4703,"date":"2025-07-11T12:24:31","date_gmt":"2025-07-11T10:24:31","guid":{"rendered":"https:\/\/holm7.de\/tilgaengelighed\/"},"modified":"2026-02-17T10:06:37","modified_gmt":"2026-02-17T09:06:37","slug":"tilgaengelighed","status":"publish","type":"page","link":"https:\/\/holm7.de\/da\/tilgaengelighed\/","title":{"rendered":"Tilg\u00e6ngelighed"},"content":{"rendered":"\t\t<div data-elementor-type=\"wp-page\" data-elementor-id=\"4703\" class=\"elementor elementor-4703 elementor-3227\" data-elementor-post-type=\"page\">\n\t\t\t\t\t\t<section class=\"elementor-section elementor-top-section elementor-element elementor-element-b3688fb elementor-section-boxed elementor-section-height-default elementor-section-height-default\" data-id=\"b3688fb\" data-element_type=\"section\" data-e-type=\"section\">\n\t\t\t\t\t\t<div class=\"elementor-container elementor-column-gap-default\">\n\t\t\t\t\t<div class=\"elementor-column elementor-col-100 elementor-top-column elementor-element elementor-element-61461d4\" data-id=\"61461d4\" data-element_type=\"column\" data-e-type=\"column\">\n\t\t\t<div class=\"elementor-widget-wrap elementor-element-populated\">\n\t\t\t\t\t\t<div class=\"elementor-element elementor-element-fead9e6 elementor-widget elementor-widget-text-editor\" data-id=\"fead9e6\" data-element_type=\"widget\" data-e-type=\"widget\" data-widget_type=\"text-editor.default\">\n\t\t\t\t<div class=\"elementor-widget-container\">\n\t\t\t\t\t\t\t\t\t<!--file: dk-general.php-->\n<h1>Erkl\u00e6ring om tilg\u00e6ngelighed<\/h1>\n<p>Denne erkl\u00e6ring om tilg\u00e6ngelighed g\u00e6lder for denne hjemmeside.<\/p>\n<p>Som operat\u00f8r af denne hjemmeside bestr\u00e6ber vi os p\u00e5 at g\u00f8re hjemmesiden tilg\u00e6ngelig i henhold til loven om styrkelse af tilg\u00e6ngelighed, <a href=\"https:\/\/www.gesetze-im-internet.de\/bfsg\/\" target=\"blank\">Barrierefreiheitsst\u00e4rkungsgesetz (BFSG)<\/a>.<\/p>\n<br \/>\n<span style=\"font-size: 24px\"><strong>Status for overensstemmelse med kravene<\/strong><\/span><br \/>\n<p>Denne hjemmeside er p.t. kun delvist tilg\u00e6ngelig. Kravene i BFSG er opfyldt til dels.<\/p>\n<br \/>\n<span style=\"font-size: 24px\"><strong>Ikke-tilg\u00e6ngeligt indhold<\/strong><\/span><br \/>\n<p>F\u00f8lgende indhold er p.t. endnu ikke fuldt tilg\u00e6ngeligt:<\/p>\n<ul>\n\t<li>Visse billeder og grafikker (f.eks. plantegninger) har endnu ikke fuldst\u00e6ndige alternative tekster.<\/li>\n\t<li>Den integrerede video er i \u00f8jeblikket ikke forsynet med undertekster eller audiodeskription.<\/li>\n\t<li>Tastaturbetjeningen af enkelte elementer (f.eks. interaktive kort eller formularer) er endnu ikke fuldt optimeret.<\/li>\n\t<li>Farvekontraster og skriftst\u00f8rrelser er ved at blive revideret.<\/li>\n<\/ul>\n<br \/>\n<p>Vi arbejder l\u00f8bende p\u00e5 at g\u00f8re hjemmesiden mere tilg\u00e6ngelig.<\/p>\n<br \/>\n<span style=\"font-size: 24px\"><strong>Udarbejdelse af denne erkl\u00e6ring<\/strong><\/span>\n<p>Denne erkl\u00e6ring er udarbejdet den 17.6.2025.<\/p>\n<br \/>\n<span style=\"font-size: 24px\"><strong>Feedback og kontakt<\/strong><\/span>\n<p>Hvis du bem\u00e6rker mangler i forhold til det tilg\u00e6ngelige design p\u00e5 vores hjemmeside, h\u00f8rer vi meget gerne fra dig. Til det form\u00e5l er du velkommen til at benytte kontaktformularen p\u00e5 vores hjemmeside.<\/p>\n<br \/>\n<span style=\"font-size: 24px\"><strong>H\u00e5ndh\u00e6velsesprocedure<\/strong><\/span>\n<p>Hvis du ikke modtager et tilfredsstillende svar p\u00e5 din henvendelse om tilg\u00e6ngelighed inden for et rimeligt tidsrum, kan du henvende dig til den relevante tilsynsmyndighed. Kontaktoplysningerne finder du p\u00e5 hjemmesiden for det tyske arbejds- og socialministerium p\u00e5: <a href=\"https:\/\/www.bmas.de\/DE\/Service\/Kontakt\/kontakt.html\" target=\"blank\">https:\/\/www.bmas.de\/DE\/Service\/Kontakt\/kontakt.html<\/a><\/p>\t\t\t\t\t\t\t\t<\/div>\n\t\t\t\t<\/div>\n\t\t\t\t\t<\/div>\n\t\t<\/div>\n\t\t\t\t\t<\/div>\n\t\t<\/section>\n\t\t\t\t<\/div>\n\t\t","protected":false},"excerpt":{"rendered":"","protected":false},"author":1,"featured_media":0,"parent":0,"menu_order":0,"comment_status":"closed","ping_status":"closed","template":"","meta":{"footnotes":""},"class_list":["post-4703","page","type-page","status-publish","hentry"],"yoast_head":"<!-- This site is optimized with the Yoast SEO plugin v27.3 - https:\/\/yoast.com\/product\/yoast-seo-wordpress\/ -->\n<title>Tilg\u00e6ngelighed - Moderne und gro\u00dfe Handelsfl\u00e4chen | Holm 7<\/title>\n<meta name=\"robots\" content=\"index, follow, max-snippet:-1, max-image-preview:large, max-video-preview:-1\" \/>\n<link rel=\"canonical\" href=\"https:\/\/holm7.de\/da\/tilgaengelighed\/\" \/>\n<meta property=\"og:locale\" content=\"da_DK\" \/>\n<meta property=\"og:type\" content=\"article\" \/>\n<meta property=\"og:title\" content=\"Tilg\u00e6ngelighed - Moderne und gro\u00dfe Handelsfl\u00e4chen | Holm 7\" \/>\n<meta property=\"og:url\" content=\"https:\/\/holm7.de\/da\/tilgaengelighed\/\" \/>\n<meta property=\"og:site_name\" content=\"Moderne und gro\u00dfe Handelsfl\u00e4chen | Holm 7\" \/>\n<meta property=\"article:modified_time\" content=\"2026-02-17T09:06:37+00:00\" \/>\n<meta name=\"twitter:card\" content=\"summary_large_image\" \/>\n<meta name=\"twitter:label1\" content=\"Estimeret l\u00e6setid\" \/>\n\t<meta name=\"twitter:data1\" content=\"2 minutter\" \/>\n<script type=\"application\/ld+json\" class=\"yoast-schema-graph\">{\"@context\":\"https:\\\/\\\/schema.org\",\"@graph\":[{\"@type\":\"WebPage\",\"@id\":\"https:\\\/\\\/holm7.de\\\/da\\\/tilgaengelighed\\\/\",\"url\":\"https:\\\/\\\/holm7.de\\\/da\\\/tilgaengelighed\\\/\",\"name\":\"Tilg\u00e6ngelighed - Moderne und gro\u00dfe Handelsfl\u00e4chen | Holm 7\",\"isPartOf\":{\"@id\":\"https:\\\/\\\/holm7.de\\\/da\\\/#website\"},\"datePublished\":\"2025-07-11T10:24:31+00:00\",\"dateModified\":\"2026-02-17T09:06:37+00:00\",\"breadcrumb\":{\"@id\":\"https:\\\/\\\/holm7.de\\\/da\\\/tilgaengelighed\\\/#breadcrumb\"},\"inLanguage\":\"da-DK\",\"potentialAction\":[{\"@type\":\"ReadAction\",\"target\":[\"https:\\\/\\\/holm7.de\\\/da\\\/tilgaengelighed\\\/\"]}]},{\"@type\":\"BreadcrumbList\",\"@id\":\"https:\\\/\\\/holm7.de\\\/da\\\/tilgaengelighed\\\/#breadcrumb\",\"itemListElement\":[{\"@type\":\"ListItem\",\"position\":1,\"name\":\"Home\",\"item\":\"https:\\\/\\\/holm7.de\\\/da\\\/\"},{\"@type\":\"ListItem\",\"position\":2,\"name\":\"Tilg\u00e6ngelighed\"}]},{\"@type\":\"WebSite\",\"@id\":\"https:\\\/\\\/holm7.de\\\/da\\\/#website\",\"url\":\"https:\\\/\\\/holm7.de\\\/da\\\/\",\"name\":\"Moderne und gro\u00dfe Handelsfl\u00e4chen | Holm 7\",\"description\":\"\",\"publisher\":{\"@id\":\"https:\\\/\\\/holm7.de\\\/da\\\/#organization\"},\"potentialAction\":[{\"@type\":\"SearchAction\",\"target\":{\"@type\":\"EntryPoint\",\"urlTemplate\":\"https:\\\/\\\/holm7.de\\\/da\\\/?s={search_term_string}\"},\"query-input\":{\"@type\":\"PropertyValueSpecification\",\"valueRequired\":true,\"valueName\":\"search_term_string\"}}],\"inLanguage\":\"da-DK\"},{\"@type\":\"Organization\",\"@id\":\"https:\\\/\\\/holm7.de\\\/da\\\/#organization\",\"name\":\"Moderne und gro\u00dfe Handelsfl\u00e4chen | Holm 7\",\"url\":\"https:\\\/\\\/holm7.de\\\/da\\\/\",\"logo\":{\"@type\":\"ImageObject\",\"inLanguage\":\"da-DK\",\"@id\":\"https:\\\/\\\/holm7.de\\\/da\\\/#\\\/schema\\\/logo\\\/image\\\/\",\"url\":\"https:\\\/\\\/holm7.de\\\/wp-content\\\/uploads\\\/Logo_rot.svg\",\"contentUrl\":\"https:\\\/\\\/holm7.de\\\/wp-content\\\/uploads\\\/Logo_rot.svg\",\"caption\":\"Moderne und gro\u00dfe Handelsfl\u00e4chen | Holm 7\"},\"image\":{\"@id\":\"https:\\\/\\\/holm7.de\\\/da\\\/#\\\/schema\\\/logo\\\/image\\\/\"}}]}<\/script>\n<!-- \/ Yoast SEO plugin. -->","yoast_head_json":{"title":"Tilg\u00e6ngelighed - Moderne und gro\u00dfe Handelsfl\u00e4chen | Holm 7","robots":{"index":"index","follow":"follow","max-snippet":"max-snippet:-1","max-image-preview":"max-image-preview:large","max-video-preview":"max-video-preview:-1"},"canonical":"https:\/\/holm7.de\/da\/tilgaengelighed\/","og_locale":"da_DK","og_type":"article","og_title":"Tilg\u00e6ngelighed - Moderne und gro\u00dfe Handelsfl\u00e4chen | Holm 7","og_url":"https:\/\/holm7.de\/da\/tilgaengelighed\/","og_site_name":"Moderne und gro\u00dfe Handelsfl\u00e4chen | Holm 7","article_modified_time":"2026-02-17T09:06:37+00:00","twitter_card":"summary_large_image","twitter_misc":{"Estimeret l\u00e6setid":"2 minutter"},"schema":{"@context":"https:\/\/schema.org","@graph":[{"@type":"WebPage","@id":"https:\/\/holm7.de\/da\/tilgaengelighed\/","url":"https:\/\/holm7.de\/da\/tilgaengelighed\/","name":"Tilg\u00e6ngelighed - Moderne und gro\u00dfe Handelsfl\u00e4chen | Holm 7","isPartOf":{"@id":"https:\/\/holm7.de\/da\/#website"},"datePublished":"2025-07-11T10:24:31+00:00","dateModified":"2026-02-17T09:06:37+00:00","breadcrumb":{"@id":"https:\/\/holm7.de\/da\/tilgaengelighed\/#breadcrumb"},"inLanguage":"da-DK","potentialAction":[{"@type":"ReadAction","target":["https:\/\/holm7.de\/da\/tilgaengelighed\/"]}]},{"@type":"BreadcrumbList","@id":"https:\/\/holm7.de\/da\/tilgaengelighed\/#breadcrumb","itemListElement":[{"@type":"ListItem","position":1,"name":"Home","item":"https:\/\/holm7.de\/da\/"},{"@type":"ListItem","position":2,"name":"Tilg\u00e6ngelighed"}]},{"@type":"WebSite","@id":"https:\/\/holm7.de\/da\/#website","url":"https:\/\/holm7.de\/da\/","name":"Moderne und gro\u00dfe Handelsfl\u00e4chen | Holm 7","description":"","publisher":{"@id":"https:\/\/holm7.de\/da\/#organization"},"potentialAction":[{"@type":"SearchAction","target":{"@type":"EntryPoint","urlTemplate":"https:\/\/holm7.de\/da\/?s={search_term_string}"},"query-input":{"@type":"PropertyValueSpecification","valueRequired":true,"valueName":"search_term_string"}}],"inLanguage":"da-DK"},{"@type":"Organization","@id":"https:\/\/holm7.de\/da\/#organization","name":"Moderne und gro\u00dfe Handelsfl\u00e4chen | Holm 7","url":"https:\/\/holm7.de\/da\/","logo":{"@type":"ImageObject","inLanguage":"da-DK","@id":"https:\/\/holm7.de\/da\/#\/schema\/logo\/image\/","url":"https:\/\/holm7.de\/wp-content\/uploads\/Logo_rot.svg","contentUrl":"https:\/\/holm7.de\/wp-content\/uploads\/Logo_rot.svg","caption":"Moderne und gro\u00dfe Handelsfl\u00e4chen | Holm 7"},"image":{"@id":"https:\/\/holm7.de\/da\/#\/schema\/logo\/image\/"}}]}},"_links":{"self":[{"href":"https:\/\/holm7.de\/da\/wp-json\/wp\/v2\/pages\/4703","targetHints":{"allow":["GET"]}}],"collection":[{"href":"https:\/\/holm7.de\/da\/wp-json\/wp\/v2\/pages"}],"about":[{"href":"https:\/\/holm7.de\/da\/wp-json\/wp\/v2\/types\/page"}],"author":[{"embeddable":true,"href":"https:\/\/holm7.de\/da\/wp-json\/wp\/v2\/users\/1"}],"replies":[{"embeddable":true,"href":"https:\/\/holm7.de\/da\/wp-json\/wp\/v2\/comments?post=4703"}],"version-history":[{"count":4,"href":"https:\/\/holm7.de\/da\/wp-json\/wp\/v2\/pages\/4703\/revisions"}],"predecessor-version":[{"id":4710,"href":"https:\/\/holm7.de\/da\/wp-json\/wp\/v2\/pages\/4703\/revisions\/4710"}],"wp:attachment":[{"href":"https:\/\/holm7.de\/da\/wp-json\/wp\/v2\/media?parent=4703"}],"curies":[{"name":"wp","href":"https:\/\/api.w.org\/{rel}","templated":true}]}}