{"id":4701,"date":"2022-03-29T11:51:57","date_gmt":"2022-03-29T09:51:57","guid":{"rendered":"https:\/\/holm7.de\/privatlivspolitik\/"},"modified":"2026-02-17T10:05:30","modified_gmt":"2026-02-17T09:05:30","slug":"privatlivspolitik","status":"publish","type":"page","link":"https:\/\/holm7.de\/da\/privatlivspolitik\/","title":{"rendered":"Privatlivspolitik"},"content":{"rendered":"\t\t<div data-elementor-type=\"wp-page\" data-elementor-id=\"4701\" class=\"elementor elementor-4701 elementor-3\" data-elementor-post-type=\"page\">\n\t\t\t\t\t\t<section class=\"elementor-section elementor-top-section elementor-element elementor-element-12de85f elementor-section-boxed elementor-section-height-default elementor-section-height-default\" data-id=\"12de85f\" data-element_type=\"section\" data-e-type=\"section\">\n\t\t\t\t\t\t<div class=\"elementor-container elementor-column-gap-default\">\n\t\t\t\t\t<div class=\"elementor-column elementor-col-100 elementor-top-column elementor-element elementor-element-1e9cf79\" data-id=\"1e9cf79\" data-element_type=\"column\" data-e-type=\"column\">\n\t\t\t<div class=\"elementor-widget-wrap elementor-element-populated\">\n\t\t\t\t\t\t<div class=\"elementor-element elementor-element-f3334c4 elementor-widget elementor-widget-heading\" data-id=\"f3334c4\" data-element_type=\"widget\" data-e-type=\"widget\" data-widget_type=\"heading.default\">\n\t\t\t\t<div class=\"elementor-widget-container\">\n\t\t\t\t\t<h1 class=\"elementor-heading-title elementor-size-default\">Privatlivspolitik<\/h1>\t\t\t\t<\/div>\n\t\t\t\t<\/div>\n\t\t\t\t<div class=\"elementor-element elementor-element-cb20918 elementor-widget elementor-widget-text-editor\" data-id=\"cb20918\" data-element_type=\"widget\" data-e-type=\"widget\" data-widget_type=\"text-editor.default\">\n\t\t\t\t<div class=\"elementor-widget-container\">\n\t\t\t\t\t\t\t\t\t<!--de-swiss-life-am_2024-->\n\n<!--Start TEIL 1 -->\n<h2 style=\"font-weight:normal;text-transform:none;font-size:1.5rem;line-height:1.5em\"><strong>Del 1:<\/strong> Information om databeskyttelse i vores databehandling iht. artikel 13, 14 og 21 i persondataforordningen (GDPR)\n<\/h2>\n<p><a href=\"https:\/\/ch.swisslife-am.com\/de\/home\/footer\/privacy-statement.html\" target=\"_blank\">Vi tager databeskyttelsen alvorligt og informerer dig hermed om, hvordan vi behandler dine data, og hvilke krav og rettigheder du har i henhold til databeskyttelsesbestemmelserne.<\/a><\/p>\n<p><strong>Oplysninger om den dataansvarlige enhed samt kontaktoplysninger findes i denne hjemmesides kolofon.<\/strong><\/p>\n<!--End TEIL 1 -->\n<br \/><br \/>\n<!--Start TEIL 2 -->\n<h2 style=\"font-weight:normal;text-transform:none;font-size:1.5rem;line-height:1.5em\"><strong>Del 2:<\/strong> Supplerende databeskyttelseserkl\u00e6ring for denne hjemmeside<\/h2>\n<p>Med disse databeskyttelsesoplysninger vil vi gerne forklare dig udf\u00f8rligt, hvordan vi h\u00e5ndterer dine data i forbindelse med brugen af vores websider.\n<\/p>\n<ol style=\"margin:20px 0;list-style-type:decimal;padding:0 0 0 1em\">\n   <li style=\"margin-bottom:20px\">\n      <p><strong>Bes\u00f8g p\u00e5 hjemmesiden<\/strong><br \/>\n         Ved hvert bes\u00f8g p\u00e5 vores hjemmesider indsamler vores systemer automatisk data og informationer fra det kaldende computersystem (personhenf\u00f8rbare data, som din browser sender til vores server). Dette sker ogs\u00e5, hvis du ikke registrerer dig, eller hvis du p\u00e5 anden m\u00e5de sender os oplysninger, f.eks. i form af aktive indtastninger. Under alle omst\u00e6ndigheder bliver f\u00f8lgende data indsamlet og gemt i logfiler ved bes\u00f8g p\u00e5 vores websider:\n      <\/p>\n      <ul style=\"margin:20px 10px;list-style-type:disc\">\n         <li>Brugerens IP-adresse<\/li>\n         <li>Dato og klokkesl\u00e6t for foresp\u00f8rgslen eller adgangen<\/li>\n         <li>Tidszonedifference i forhold til Greenwich Mean Time (GMT)<\/li>\n         <li>Foresp\u00f8rgslens indhold (konkret side)<\/li>\n         <li>Adgangsstatus\/HTTP-statuskode<\/li>\n         <li>Den overf\u00f8rte datam\u00e6ngde<\/li>\n         <li>Den hjemmeside, som foresp\u00f8rgslen kommer fra (hvorfra brugerens system kommer til vores hjemmeside)<\/li>\n         <li>Den webside, der \u00e5bnes af brugerens system via vores hjemmeside<\/li>\n         <li>Oplysninger om browsertypen og den anvendte version<\/li>\n         <li>Operativsystem og dets overflade<\/li>\n         <li>Browsersoftwarens sprog og version<\/li>\n      <\/ul>\n      <p>Opbevaringen af de n\u00e6vnte data sker som udgangspunkt kun midlertidigt, s\u00e5 l\u00e6nge sessionen varer, og er n\u00f8dvendig for at muligg\u00f8re en korrekt drift og en korrekt visning af hjemmesiden. Denne behandling af dine data har desuden til form\u00e5l at evaluere og fortsat sikre systemsikkerheden og systemstabiliteten samt yderligere administrative form\u00e5l. I det omfang dine data gemmes i vores logfiler, sker dette ligeledes kun med henblik p\u00e5 at sikre vores hjemmesides funktionalitet. Desuden har oplysningerne til form\u00e5l at optimere og v\u00e6rne om sikkerheden ved vores it-systemer. Retsgrundlaget for behandlingen og opbevaringen af dine personoplysninger er art. 6, stk. 1, punktum 1, litra f, GDPR. Dine oplysninger slettes, s\u00e5 snart de ikke l\u00e6ngere er n\u00f8dvendige for at opfylde form\u00e5let. Hvis oplysningerne indsamles med henblik p\u00e5 at stille hjemmesiden til r\u00e5dighed, er dette tilf\u00e6ldet, n\u00e5r den p\u00e5g\u00e6ldende session er afsluttet. S\u00e5fremt dine data opbevares i logfiler, er dette tilf\u00e6ldet efter senest fem dage. En opbevaring ud over dette er kun planlagt i undtagelsestilf\u00e6lde, for eksempel hvis det er n\u00f8dvendigt af tekniske \u00e5rsager eller for at forbedre vores systemer. I dette tilf\u00e6lde slettes eller anonymiseres brugernes IP-adresser, s\u00e5 en tilordning ikke l\u00e6ngere er mulig.\n      <\/p>\n   <\/li>\n   <li style=\"margin-bottom:20px\">\n      <p><strong>Kontaktformular<\/strong><br \/>\n         P\u00e5 vores hjemmeside er der integreret en kontaktformular, som du kan bruge til at kontakte os eller den m\u00e6gler, som er antaget af os og navngivet i indtastningsfeltet. Ved brug af kontaktformularen indsamles de data, der er indtastet i indtastningsfeltet, og de overf\u00f8res i givet fald til m\u00e6gleren med henblik p\u00e5 etablering af kontakt. Desuden gemmes IP-adressen samt dato og klokkesl\u00e6t for foresp\u00f8rgslen. Retsgrundlaget for behandlingen af dine data ved brugen af kontaktformularen er dit samtykke iht. art. 6, stk. 1, punktum 1, litra a, GDPR. Behandlingen af personoplysningerne fra indtastningsfeltet har kun til form\u00e5l at behandle din kontakt til os eller m\u00e6gleren.\n      <\/p>\n   <\/li>\n   <li style=\"margin-bottom:20px\">\n      <p><strong>Elektronisk nyhedsbrev<\/strong><br \/>\n         Ved afsendelse af vores elektroniske nyhedsbrev, som du kan tilmelde dig, indsamler og behandler vi de personoplysninger, som du har indtastet i indtastningsfeltet. Vi behandler din e-mailadresse for at kunne kontakte dig med henblik p\u00e5 afsendelse af vores elektroniske nyhedsbrev samt information om yderligere produkter, tjenesteydelser eller andre aktiviteter. Retsgrundlaget er dit samtykke iht. art. 6, stk. 1, punktum 1, litra a, GDPR. Du kan til enhver tid tilbagekalde dit samtykke med virkning for fremtiden og dermed afbestille modtagelsen af informationer om aktuelle og fremtidige produkter, tjenesteydelser eller andre informationer om os. Du kan meddele din tilbagekaldelse ved at klikke p\u00e5 det link, der findes i hver nyhedsbrev-e-mail, eller ved at sende en meddelelse til vores oplyste kontaktoplysninger. Hvis du g\u00f8r indsigelse mod anvendelsen af dine data, vil vi stoppe med at sende dig reklamebeskeder.\n      <\/p>\n   <\/li>\n   <li style=\"margin-bottom:20px\">\n      <p><strong>Generelt om brugen af cookies<\/strong>\n         <br \/>\n        N\u00e5r vores hjemmeside bes\u00f8ges og benyttes, gemmes cookies p\u00e5 din computer. Cookies er tekstfiler, der gemmes i internetbrowseren eller p\u00e5 brugerens computersystem af internetbrowseren. N\u00e5r en bruger \u00e5bner en hjemmeside, kan en cookie blive gemt p\u00e5 brugerens operativsystem. Nogle cookies er absolut n\u00f8dvendige for driften af vores hjemmeside. Andre cookies placeres med henblik p\u00e5 statistiske form\u00e5l eller analyse af \u00e5bningerne af vores hjemmeside eller marketingform\u00e5l eller for at kunne tilbyde dig at benytte eksterne medier. Der anvendes b\u00e5de midlertidige cookies\/session-cookies og cookies, der gemmes i l\u00e6ngere tid\/permanente cookies. Midlertidige cookies slettes igen, s\u00e5 snart du lukker din browser. Permanente cookies bevares i en l\u00e6ngere periode, men kan slettes manuelt n\u00e5r som helst. Nogle cookies indstilles af tredjepart. Retsgrundlaget for databehandlingen ved brugen af helt n\u00f8dvendige cookies er \u00a7 25, stk. 2, nr. 2, TTDSG, art. 6, stk. 1, punktum 1, litra f, GDPR, ved brugen af alle andre cookies dit samtykke iht. \u00a7 25, stk. 1, TTDSG, art. 6, stk. 1, punktum 1, litra a, GDPR. I det omfang vi ikke behandler dine data p\u00e5 baggrund af dit udtrykkelige samtykke, sker behandlingen af dine personoplysninger kun i det omfang, det er n\u00f8dvendigt for at varetage vores legitime interesser eller en tredjeparts legitime interesser, og s\u00e5fremt dine interesser eller grundl\u00e6ggende rettigheder og frihedsrettigheder, der kr\u00e6ver beskyttelse af personoplysninger, ikke g\u00e5r forud herfor. Detaljerede informationer om anvendelsen af de respektive cookies, herunder is\u00e6r om deres form\u00e5l, deres juridiske grundlag, den respektive funktionsvarighed, og i hvilket omfang disse placeres af tredjeparter, eller tredjeparter har adgang til de data, der indsamles via cookies, finder du \u2013 som supplement til de foreliggende oplysninger i vores databeskyttelseserkl\u00e6ring \u2013 i vores cookie-banner p\u00e5 vores hjemmeside. Dette kan du \u00e5bne igen n\u00e5r som helst ved at klikke p\u00e5 ikonet nederst til venstre p\u00e5 sk\u00e6rmen. Du kan give separat samtykke til brugen af de enkelte kategorier af cookies. Et samtykke kan du altid \u00e6ndre eller tr\u00e6kke tilbage i cookie-banneret.\n      <\/p>\n   <\/li>\n   <li style=\"margin-bottom:20px\">\n      <p><strong>Webanalyse med Matomo (cookieless)<\/strong>\n         <br \/>\n        Denne hjemmeside benytter webanalyse-softwaren Matomo, der drives af InnoCraft Ltd., 150 Willis St, 6011 Wellington, New Zealand. Dette sker via indsamling af logfiler (f.eks. IP-adresse, referrer URL, browser, operativsystem, klokkesl\u00e6t). Der placeres ingen cookies. Dataene gemmes og analyseres anonymiseret. Retsgrundlaget er vores legitime interesse i at analysere brugeradf\u00e6rden p\u00e5 vores hjemmeside med henblik p\u00e5 at optimere den, iht. art. 6, stk. 1, litra f, GDPR.               \n      <\/p>\n   <\/li>\n   <li style=\"margin-bottom:20px\">\n      <p><strong>Foresp\u00f8rgsel via e-mail, telefon eller telefax<\/strong>\n         <br \/>\n         Hvis du kontakter os via e-mail, telefon eller telefax, opbevares og behandles din foresp\u00f8rgsel inkl. alle heraf afledte personoplysninger med det form\u00e5l at behandle din foresp\u00f8rgsel hos os. Behandlingen af disse data sker p\u00e5 grundlag af art. 6, stk. 1, litra b, GDPR, s\u00e5fremt dine foresp\u00f8rgsel h\u00e6nger sammen med opfyldelsen af en aftale eller er n\u00f8dvendig for at gennemf\u00f8re f\u00f8rkontraktlige foranstaltninger. I alle \u00f8vrige tilf\u00e6lde er behandlingen baseret p\u00e5 vores legitime interesse i en effektiv bearbejdning af de henvendelser, der rettes til os (art. 6, stk. 1, litra f, GDPR), eller p\u00e5 dit samtykke (art. 6, stk. 1, litra a, GDPR), s\u00e5fremt dette er blevet indhentet. Du kan altid tr\u00e6kke samtykket tilbage med virkning for fremtiden.                \n      <\/p>\n   <\/li>\n   <li style=\"margin-bottom:20px\">\n      <p><strong>Links til andre hjemmesider<\/strong><br \/>\n         Vores hjemmeside indeholder evt. links til andre hjemmesider. Vi har ingen indflydelse p\u00e5, om operat\u00f8rerne af disse overholder databeskyttelsesbestemmelserne. Vi har heller ingen indflydelse p\u00e5 lovligheden af indholdet p\u00e5 disse hjemmesider. Vi fral\u00e6gger os derfor ethvert ansvar for indholdet p\u00e5 andre hjemmesider.\n      <\/p>\n   <\/li>\n   <li style=\"margin-bottom:20px\">\n      <p><strong>Sp\u00f8rgsm\u00e5l og kommentarer<\/strong>\n         <br \/>\n         Ved sp\u00f8rgsm\u00e5l, forslag eller kommentarer til databeskyttelse henviser vi til kontaktoplysningerne, der findes i kolofonen p\u00e5 denne hjemmeside.\n      <\/p>\n      <p>\n         Vores supplerende databeskyttelseserkl\u00e6ring for hjemmesiden samt informationen om databeskyttelse vedr\u00f8rende vores databehandling i henhold til artikel 13, 14 og 21 i GDPR kan \u00e6ndre sig fra tid til anden. Alle \u00e6ndringer vil vi offentligg\u00f8re p\u00e5 vores hjemmeside. \u00c6ldre versioner stiller vi til din r\u00e5dighed p\u00e5 foresp\u00f8rgsel via den adresse, der er oplyst under del 2, Sp\u00f8rgsm\u00e5l og kommentarer.\n      <\/p>\n   <\/li>\n<\/ol>\n<!--End TEIL 2 -->\t\t\t\t\t\t\t\t<\/div>\n\t\t\t\t<\/div>\n\t\t\t\t\t<\/div>\n\t\t<\/div>\n\t\t\t\t\t<\/div>\n\t\t<\/section>\n\t\t\t\t<\/div>\n\t\t","protected":false},"excerpt":{"rendered":"","protected":false},"author":1,"featured_media":0,"parent":0,"menu_order":0,"comment_status":"closed","ping_status":"open","template":"","meta":{"footnotes":""},"class_list":["post-4701","page","type-page","status-publish","hentry"],"yoast_head":"<!-- This site is optimized with the Yoast SEO plugin v27.3 - https:\/\/yoast.com\/product\/yoast-seo-wordpress\/ -->\n<title>Privatlivspolitik - Moderne und gro\u00dfe Handelsfl\u00e4chen | Holm 7<\/title>\n<meta name=\"robots\" content=\"index, follow, max-snippet:-1, max-image-preview:large, max-video-preview:-1\" \/>\n<link rel=\"canonical\" href=\"https:\/\/holm7.de\/da\/privatlivspolitik\/\" \/>\n<meta property=\"og:locale\" content=\"da_DK\" \/>\n<meta property=\"og:type\" content=\"article\" \/>\n<meta property=\"og:title\" content=\"Privatlivspolitik - Moderne und gro\u00dfe Handelsfl\u00e4chen | Holm 7\" \/>\n<meta property=\"og:url\" content=\"https:\/\/holm7.de\/da\/privatlivspolitik\/\" \/>\n<meta property=\"og:site_name\" content=\"Moderne und gro\u00dfe Handelsfl\u00e4chen | Holm 7\" \/>\n<meta property=\"article:modified_time\" content=\"2026-02-17T09:05:30+00:00\" \/>\n<meta name=\"twitter:card\" content=\"summary_large_image\" \/>\n<meta name=\"twitter:label1\" content=\"Estimeret l\u00e6setid\" \/>\n\t<meta name=\"twitter:data1\" content=\"8 minutter\" \/>\n<script type=\"application\/ld+json\" class=\"yoast-schema-graph\">{\"@context\":\"https:\\\/\\\/schema.org\",\"@graph\":[{\"@type\":\"WebPage\",\"@id\":\"https:\\\/\\\/holm7.de\\\/da\\\/privatlivspolitik\\\/\",\"url\":\"https:\\\/\\\/holm7.de\\\/da\\\/privatlivspolitik\\\/\",\"name\":\"Privatlivspolitik - Moderne und gro\u00dfe Handelsfl\u00e4chen | Holm 7\",\"isPartOf\":{\"@id\":\"https:\\\/\\\/holm7.de\\\/da\\\/#website\"},\"datePublished\":\"2022-03-29T09:51:57+00:00\",\"dateModified\":\"2026-02-17T09:05:30+00:00\",\"breadcrumb\":{\"@id\":\"https:\\\/\\\/holm7.de\\\/da\\\/privatlivspolitik\\\/#breadcrumb\"},\"inLanguage\":\"da-DK\",\"potentialAction\":[{\"@type\":\"ReadAction\",\"target\":[\"https:\\\/\\\/holm7.de\\\/da\\\/privatlivspolitik\\\/\"]}]},{\"@type\":\"BreadcrumbList\",\"@id\":\"https:\\\/\\\/holm7.de\\\/da\\\/privatlivspolitik\\\/#breadcrumb\",\"itemListElement\":[{\"@type\":\"ListItem\",\"position\":1,\"name\":\"Home\",\"item\":\"https:\\\/\\\/holm7.de\\\/da\\\/\"},{\"@type\":\"ListItem\",\"position\":2,\"name\":\"Privatlivspolitik\"}]},{\"@type\":\"WebSite\",\"@id\":\"https:\\\/\\\/holm7.de\\\/da\\\/#website\",\"url\":\"https:\\\/\\\/holm7.de\\\/da\\\/\",\"name\":\"Moderne und gro\u00dfe Handelsfl\u00e4chen | Holm 7\",\"description\":\"\",\"publisher\":{\"@id\":\"https:\\\/\\\/holm7.de\\\/da\\\/#organization\"},\"potentialAction\":[{\"@type\":\"SearchAction\",\"target\":{\"@type\":\"EntryPoint\",\"urlTemplate\":\"https:\\\/\\\/holm7.de\\\/da\\\/?s={search_term_string}\"},\"query-input\":{\"@type\":\"PropertyValueSpecification\",\"valueRequired\":true,\"valueName\":\"search_term_string\"}}],\"inLanguage\":\"da-DK\"},{\"@type\":\"Organization\",\"@id\":\"https:\\\/\\\/holm7.de\\\/da\\\/#organization\",\"name\":\"Moderne und gro\u00dfe Handelsfl\u00e4chen | Holm 7\",\"url\":\"https:\\\/\\\/holm7.de\\\/da\\\/\",\"logo\":{\"@type\":\"ImageObject\",\"inLanguage\":\"da-DK\",\"@id\":\"https:\\\/\\\/holm7.de\\\/da\\\/#\\\/schema\\\/logo\\\/image\\\/\",\"url\":\"https:\\\/\\\/holm7.de\\\/wp-content\\\/uploads\\\/Logo_rot.svg\",\"contentUrl\":\"https:\\\/\\\/holm7.de\\\/wp-content\\\/uploads\\\/Logo_rot.svg\",\"caption\":\"Moderne und gro\u00dfe Handelsfl\u00e4chen | Holm 7\"},\"image\":{\"@id\":\"https:\\\/\\\/holm7.de\\\/da\\\/#\\\/schema\\\/logo\\\/image\\\/\"}}]}<\/script>\n<!-- \/ Yoast SEO plugin. -->","yoast_head_json":{"title":"Privatlivspolitik - Moderne und gro\u00dfe Handelsfl\u00e4chen | Holm 7","robots":{"index":"index","follow":"follow","max-snippet":"max-snippet:-1","max-image-preview":"max-image-preview:large","max-video-preview":"max-video-preview:-1"},"canonical":"https:\/\/holm7.de\/da\/privatlivspolitik\/","og_locale":"da_DK","og_type":"article","og_title":"Privatlivspolitik - Moderne und gro\u00dfe Handelsfl\u00e4chen | Holm 7","og_url":"https:\/\/holm7.de\/da\/privatlivspolitik\/","og_site_name":"Moderne und gro\u00dfe Handelsfl\u00e4chen | Holm 7","article_modified_time":"2026-02-17T09:05:30+00:00","twitter_card":"summary_large_image","twitter_misc":{"Estimeret l\u00e6setid":"8 minutter"},"schema":{"@context":"https:\/\/schema.org","@graph":[{"@type":"WebPage","@id":"https:\/\/holm7.de\/da\/privatlivspolitik\/","url":"https:\/\/holm7.de\/da\/privatlivspolitik\/","name":"Privatlivspolitik - Moderne und gro\u00dfe Handelsfl\u00e4chen | Holm 7","isPartOf":{"@id":"https:\/\/holm7.de\/da\/#website"},"datePublished":"2022-03-29T09:51:57+00:00","dateModified":"2026-02-17T09:05:30+00:00","breadcrumb":{"@id":"https:\/\/holm7.de\/da\/privatlivspolitik\/#breadcrumb"},"inLanguage":"da-DK","potentialAction":[{"@type":"ReadAction","target":["https:\/\/holm7.de\/da\/privatlivspolitik\/"]}]},{"@type":"BreadcrumbList","@id":"https:\/\/holm7.de\/da\/privatlivspolitik\/#breadcrumb","itemListElement":[{"@type":"ListItem","position":1,"name":"Home","item":"https:\/\/holm7.de\/da\/"},{"@type":"ListItem","position":2,"name":"Privatlivspolitik"}]},{"@type":"WebSite","@id":"https:\/\/holm7.de\/da\/#website","url":"https:\/\/holm7.de\/da\/","name":"Moderne und gro\u00dfe Handelsfl\u00e4chen | Holm 7","description":"","publisher":{"@id":"https:\/\/holm7.de\/da\/#organization"},"potentialAction":[{"@type":"SearchAction","target":{"@type":"EntryPoint","urlTemplate":"https:\/\/holm7.de\/da\/?s={search_term_string}"},"query-input":{"@type":"PropertyValueSpecification","valueRequired":true,"valueName":"search_term_string"}}],"inLanguage":"da-DK"},{"@type":"Organization","@id":"https:\/\/holm7.de\/da\/#organization","name":"Moderne und gro\u00dfe Handelsfl\u00e4chen | Holm 7","url":"https:\/\/holm7.de\/da\/","logo":{"@type":"ImageObject","inLanguage":"da-DK","@id":"https:\/\/holm7.de\/da\/#\/schema\/logo\/image\/","url":"https:\/\/holm7.de\/wp-content\/uploads\/Logo_rot.svg","contentUrl":"https:\/\/holm7.de\/wp-content\/uploads\/Logo_rot.svg","caption":"Moderne und gro\u00dfe Handelsfl\u00e4chen | Holm 7"},"image":{"@id":"https:\/\/holm7.de\/da\/#\/schema\/logo\/image\/"}}]}},"_links":{"self":[{"href":"https:\/\/holm7.de\/da\/wp-json\/wp\/v2\/pages\/4701","targetHints":{"allow":["GET"]}}],"collection":[{"href":"https:\/\/holm7.de\/da\/wp-json\/wp\/v2\/pages"}],"about":[{"href":"https:\/\/holm7.de\/da\/wp-json\/wp\/v2\/types\/page"}],"author":[{"embeddable":true,"href":"https:\/\/holm7.de\/da\/wp-json\/wp\/v2\/users\/1"}],"replies":[{"embeddable":true,"href":"https:\/\/holm7.de\/da\/wp-json\/wp\/v2\/comments?post=4701"}],"version-history":[{"count":4,"href":"https:\/\/holm7.de\/da\/wp-json\/wp\/v2\/pages\/4701\/revisions"}],"predecessor-version":[{"id":4707,"href":"https:\/\/holm7.de\/da\/wp-json\/wp\/v2\/pages\/4701\/revisions\/4707"}],"wp:attachment":[{"href":"https:\/\/holm7.de\/da\/wp-json\/wp\/v2\/media?parent=4701"}],"curies":[{"name":"wp","href":"https:\/\/api.w.org\/{rel}","templated":true}]}}