{"id":4695,"date":"2022-04-19T11:54:23","date_gmt":"2022-04-19T09:54:23","guid":{"rendered":"https:\/\/holm7.de\/kolofon\/"},"modified":"2026-02-17T09:40:50","modified_gmt":"2026-02-17T08:40:50","slug":"kolofon","status":"publish","type":"page","link":"https:\/\/holm7.de\/da\/kolofon\/","title":{"rendered":"Kolofon"},"content":{"rendered":"\t\t<div data-elementor-type=\"wp-page\" data-elementor-id=\"4695\" class=\"elementor elementor-4695 elementor-1182\" data-elementor-post-type=\"page\">\n\t\t\t\t\t\t<section class=\"elementor-section elementor-top-section elementor-element elementor-element-05b8163 elementor-section-boxed elementor-section-height-default elementor-section-height-default\" data-id=\"05b8163\" data-element_type=\"section\" data-e-type=\"section\">\n\t\t\t\t\t\t<div class=\"elementor-container elementor-column-gap-default\">\n\t\t\t\t\t<div class=\"elementor-column elementor-col-100 elementor-top-column elementor-element elementor-element-ff8e6c3\" data-id=\"ff8e6c3\" data-element_type=\"column\" data-e-type=\"column\">\n\t\t\t<div class=\"elementor-widget-wrap elementor-element-populated\">\n\t\t\t\t\t\t<div class=\"elementor-element elementor-element-d07c350 elementor-widget elementor-widget-heading\" data-id=\"d07c350\" data-element_type=\"widget\" data-e-type=\"widget\" data-widget_type=\"heading.default\">\n\t\t\t\t<div class=\"elementor-widget-container\">\n\t\t\t\t\t<h1 class=\"elementor-heading-title elementor-size-default\">Kolofon<\/h1>\t\t\t\t<\/div>\n\t\t\t\t<\/div>\n\t\t\t\t<div class=\"elementor-element elementor-element-7cacc30 elementor-widget elementor-widget-text-editor\" data-id=\"7cacc30\" data-element_type=\"widget\" data-e-type=\"widget\" data-widget_type=\"text-editor.default\">\n\t\t\t\t<div class=\"elementor-widget-container\">\n\t\t\t\t\t\t\t\t\t<!--dk-swiss-life-am.php-->\n<strong>Swiss Life Asset Managers Deutschland GmbH<\/strong><br \/>\nClever Str. 36\n<br \/>\n50668 K&ouml;ln\n<br \/>\n<br \/>\nTlf. <a href=\"tel:+49221399000\">+49 221 39900-0<\/a>\n<br \/>\nFax +49 221 39900-109\n<br \/><br \/>\nE-Mail: <a href=\"mailto:kontakt-de@swisslife-am.com\">kontakt-de@swisslife-am.com<\/a>\n<br \/>\n<br \/>\n<br \/>\nLedelse:\n<br \/>\nHolger Matheis, Verena Pickhardt, Christina Sch\u00e4dler, Christian Schmid<br \/>\n<br \/>\nSelskabets hoveds\u00e6de: K&ouml;ln\n<br \/>\nDistriktsret: K&ouml;ln\n<br \/>\nHRB: 85276\n<br \/>\nMomsregistreringsnummer: DE291867348 <br \/>\n<br \/>\nErhvervstilladelse tildelt iht. \u00a7 34c, stk. 1, GewO (n\u00e6ringsloven) af: <br \/>\nK&ouml;ln by<br \/>\nOverborgmesteren <br \/>\nAmt f&uuml;r &ouml;ffentliche Ordnung (forvaltningen for offentlig orden)<br \/>\nGewerbeangelegenheiten (erhvervsanliggender)<br \/>\nWilly-Brandt-Platz 3 <br \/>\n50679 K&ouml;ln <br \/>\n<br \/>\n<br \/>\n<strong>Tvistbil\u00e6ggelsesprocedurer<\/strong>\n<br \/>\nVi deltager ikke i tvistbil\u00e6ggelsesprocedurer ved et forbrugerklagen\u00e6vn.\n<br \/>\n<br \/>\n\n<br \/>\n<span style=\"font-size: 24px\">Ansvarsudelukkelse<\/span> <br \/>\n<br \/>\nDet billedmateriale, der pr\u00e6senteres i prospektet \u2013 herunder s\u00e6rligt visualiseringer og perspektivtegninger af arkitekturen samt de viste planer for gr\u00f8nne omr\u00e5der og friarealer \u2013 skal betragtes som en kunstnerisk fremstilling og er ikke bindende.\n<br \/>\n<br \/>\nIs\u00e6r p\u00e5 grund af den fredede bygningsmasse er det viste indhold baseret p\u00e5 de nuv\u00e6rende planl\u00e6gningsstadier. Der foreligger frem til f\u00e6rdigg\u00f8relsen af det samlede anl\u00e6g en forpligtelse til t\u00e6t koordinering med den relevante fredningsmyndighed, hvilket kan have indflydelse p\u00e5 det her viste projekteringsstade.\n<br \/>\n<br \/>\nDe planer, plantegninger og visualiseringer, der er pr\u00e6senteret i prospektet, udg\u00f8r kun et forslag til design eller indretning og er ikke juridisk bindende. De viser til dels ekstraudstyr eller indretningsgenstande, som ikke er en del af det kontraktm\u00e6ssige leveringsomfang.<br \/>\n<br \/>\nFarverne p\u00e5 de ind- og udvendige visninger kan variere i den senere udf\u00f8relse. Alle materialebeskrivelser har til form\u00e5l at orientere om den planlagte kvalitet. Det er de tegninger, dokumenter og beskrivelser, der er vedlagt den notarielle k\u00f8bsaftale, som er g\u00e6ldende.\n<br \/>\n<br \/>\n<br \/>\n<br \/>\n<span style=\"font-size: 24px\">Forbehold vedr. oplysninger<\/span> <br \/>\n<br \/>\nDe viste plantegninger, illustrationer og oplysninger svarer til det nuv\u00e6rende stadie i myndighedsprojektet (godkendelsesplanl\u00e6gningen). I forbindelse med udf\u00f8relses- og detailprojekteringen kan der forekomme \u00e6ndringer af denne planl\u00e6gning som f\u00f8lge af byggetekniske krav eller p\u00e5l\u00e6g fra myndighederne.<br \/>\n<br \/>\nFor s\u00e5 vidt ang\u00e5r udstyr\/inventar, er byggebeskrivelsen g\u00e6ldende.\n<br \/>\n<br \/>\nDe viste m\u00f8bler og inventar tjener kun som eksempler. M\u00f8blement og inventar er ikke en del af udstyrets omfang. Illustrationerne viser til dels ekstraudstyr, som i henhold til byggebeskrivelsen kun kan erhverves efter forudg\u00e5ende aftale og mod ekstrabetaling. Plantegningerne er ikke egnede til opm\u00e5ling med henblik p\u00e5 m\u00f8blering.<br \/>\n<br \/>\nDen tegnede fremstilling af perspektiver og facader samt deres farvesammens\u00e6tning gengiver illustrat\u00f8rens vision og er derfor ikke bindende.\n<br \/>\n<br \/>\nDenne hjemmeside udg\u00f8r udtrykkeligt intet kontrakttilbud.\n<br \/>\n<br \/>\n<br \/>\n<br \/>\n<span style=\"font-size: 24px\">Ophavsret<\/span> <br \/>\n<br \/>\nVores hjemmesides indhold og struktur er beskyttet af ophavsretten. Alle rettigheder forbeholdes. Informationer eller data (tekst, billeder, grafik, lyd, video eller animationsfiler) fra hjemmesiderne m\u00e5 navnlig ikke, hverken helt eller delvist, udnyttes eller anvendes p\u00e5 nogen m\u00e5de uden forudg\u00e5ende skriftligt samtykke fra Swiss Life Asset Managers Deutschland.\n<br \/>\n<br \/>\nVisse Swiss Life Asset Managers Deutschland-websider indeholder ogs\u00e5 billeder, der er underlagt ophavsret for dem, der har stillet dem til r\u00e5dighed. Der m\u00e5 kun linkes til hjemmesiderne, hvis linket henviser til startsiden <a href=\"https:\/\/de.swisslife-am.com\/\" target=\"_blank\">www.swisslife-am.com<\/a> (ingen deeplinks) og hvis der derved ikke overtr\u00e6des nogen rettigheder (navnlig ophavsrettigheder, besl\u00e6gtede rettigheder eller varem\u00e6rkerettigheder) tilh\u00f8rende Swiss Life Asset Managers Deutschland, virksomhedens selskabsdeltagere eller datter- og s\u00f8sterselskaber.\n<!--End Field -->\n<br \/>\n<br \/>\n<br \/>\n<br \/>\t\t\t\t\t\t\t\t<\/div>\n\t\t\t\t<\/div>\n\t\t\t\t\t<\/div>\n\t\t<\/div>\n\t\t\t\t\t<\/div>\n\t\t<\/section>\n\t\t\t\t<\/div>\n\t\t","protected":false},"excerpt":{"rendered":"","protected":false},"author":1,"featured_media":0,"parent":0,"menu_order":0,"comment_status":"closed","ping_status":"closed","template":"","meta":{"footnotes":""},"class_list":["post-4695","page","type-page","status-publish","hentry"],"yoast_head":"<!-- This site is optimized with the Yoast SEO plugin v27.3 - https:\/\/yoast.com\/product\/yoast-seo-wordpress\/ -->\n<title>Kolofon - Moderne und gro\u00dfe Handelsfl\u00e4chen | Holm 7<\/title>\n<meta name=\"robots\" content=\"index, follow, max-snippet:-1, max-image-preview:large, max-video-preview:-1\" \/>\n<link rel=\"canonical\" href=\"https:\/\/holm7.de\/da\/kolofon\/\" \/>\n<meta property=\"og:locale\" content=\"da_DK\" \/>\n<meta property=\"og:type\" content=\"article\" \/>\n<meta property=\"og:title\" content=\"Kolofon - Moderne und gro\u00dfe Handelsfl\u00e4chen | Holm 7\" \/>\n<meta property=\"og:url\" content=\"https:\/\/holm7.de\/da\/kolofon\/\" \/>\n<meta property=\"og:site_name\" content=\"Moderne und gro\u00dfe Handelsfl\u00e4chen | Holm 7\" \/>\n<meta property=\"article:modified_time\" content=\"2026-02-17T08:40:50+00:00\" \/>\n<meta name=\"twitter:card\" content=\"summary_large_image\" \/>\n<script type=\"application\/ld+json\" class=\"yoast-schema-graph\">{\"@context\":\"https:\\\/\\\/schema.org\",\"@graph\":[{\"@type\":\"WebPage\",\"@id\":\"https:\\\/\\\/holm7.de\\\/da\\\/kolofon\\\/\",\"url\":\"https:\\\/\\\/holm7.de\\\/da\\\/kolofon\\\/\",\"name\":\"Kolofon - Moderne und gro\u00dfe Handelsfl\u00e4chen | Holm 7\",\"isPartOf\":{\"@id\":\"https:\\\/\\\/holm7.de\\\/da\\\/#website\"},\"datePublished\":\"2022-04-19T09:54:23+00:00\",\"dateModified\":\"2026-02-17T08:40:50+00:00\",\"breadcrumb\":{\"@id\":\"https:\\\/\\\/holm7.de\\\/da\\\/kolofon\\\/#breadcrumb\"},\"inLanguage\":\"da-DK\",\"potentialAction\":[{\"@type\":\"ReadAction\",\"target\":[\"https:\\\/\\\/holm7.de\\\/da\\\/kolofon\\\/\"]}]},{\"@type\":\"BreadcrumbList\",\"@id\":\"https:\\\/\\\/holm7.de\\\/da\\\/kolofon\\\/#breadcrumb\",\"itemListElement\":[{\"@type\":\"ListItem\",\"position\":1,\"name\":\"Home\",\"item\":\"https:\\\/\\\/holm7.de\\\/da\\\/\"},{\"@type\":\"ListItem\",\"position\":2,\"name\":\"Kolofon\"}]},{\"@type\":\"WebSite\",\"@id\":\"https:\\\/\\\/holm7.de\\\/da\\\/#website\",\"url\":\"https:\\\/\\\/holm7.de\\\/da\\\/\",\"name\":\"Moderne und gro\u00dfe Handelsfl\u00e4chen | Holm 7\",\"description\":\"\",\"publisher\":{\"@id\":\"https:\\\/\\\/holm7.de\\\/da\\\/#organization\"},\"potentialAction\":[{\"@type\":\"SearchAction\",\"target\":{\"@type\":\"EntryPoint\",\"urlTemplate\":\"https:\\\/\\\/holm7.de\\\/da\\\/?s={search_term_string}\"},\"query-input\":{\"@type\":\"PropertyValueSpecification\",\"valueRequired\":true,\"valueName\":\"search_term_string\"}}],\"inLanguage\":\"da-DK\"},{\"@type\":\"Organization\",\"@id\":\"https:\\\/\\\/holm7.de\\\/da\\\/#organization\",\"name\":\"Moderne und gro\u00dfe Handelsfl\u00e4chen | Holm 7\",\"url\":\"https:\\\/\\\/holm7.de\\\/da\\\/\",\"logo\":{\"@type\":\"ImageObject\",\"inLanguage\":\"da-DK\",\"@id\":\"https:\\\/\\\/holm7.de\\\/da\\\/#\\\/schema\\\/logo\\\/image\\\/\",\"url\":\"https:\\\/\\\/holm7.de\\\/wp-content\\\/uploads\\\/Logo_rot.svg\",\"contentUrl\":\"https:\\\/\\\/holm7.de\\\/wp-content\\\/uploads\\\/Logo_rot.svg\",\"caption\":\"Moderne und gro\u00dfe Handelsfl\u00e4chen | Holm 7\"},\"image\":{\"@id\":\"https:\\\/\\\/holm7.de\\\/da\\\/#\\\/schema\\\/logo\\\/image\\\/\"}}]}<\/script>\n<!-- \/ Yoast SEO plugin. -->","yoast_head_json":{"title":"Kolofon - Moderne und gro\u00dfe Handelsfl\u00e4chen | Holm 7","robots":{"index":"index","follow":"follow","max-snippet":"max-snippet:-1","max-image-preview":"max-image-preview:large","max-video-preview":"max-video-preview:-1"},"canonical":"https:\/\/holm7.de\/da\/kolofon\/","og_locale":"da_DK","og_type":"article","og_title":"Kolofon - Moderne und gro\u00dfe Handelsfl\u00e4chen | Holm 7","og_url":"https:\/\/holm7.de\/da\/kolofon\/","og_site_name":"Moderne und gro\u00dfe Handelsfl\u00e4chen | Holm 7","article_modified_time":"2026-02-17T08:40:50+00:00","twitter_card":"summary_large_image","schema":{"@context":"https:\/\/schema.org","@graph":[{"@type":"WebPage","@id":"https:\/\/holm7.de\/da\/kolofon\/","url":"https:\/\/holm7.de\/da\/kolofon\/","name":"Kolofon - Moderne und gro\u00dfe Handelsfl\u00e4chen | Holm 7","isPartOf":{"@id":"https:\/\/holm7.de\/da\/#website"},"datePublished":"2022-04-19T09:54:23+00:00","dateModified":"2026-02-17T08:40:50+00:00","breadcrumb":{"@id":"https:\/\/holm7.de\/da\/kolofon\/#breadcrumb"},"inLanguage":"da-DK","potentialAction":[{"@type":"ReadAction","target":["https:\/\/holm7.de\/da\/kolofon\/"]}]},{"@type":"BreadcrumbList","@id":"https:\/\/holm7.de\/da\/kolofon\/#breadcrumb","itemListElement":[{"@type":"ListItem","position":1,"name":"Home","item":"https:\/\/holm7.de\/da\/"},{"@type":"ListItem","position":2,"name":"Kolofon"}]},{"@type":"WebSite","@id":"https:\/\/holm7.de\/da\/#website","url":"https:\/\/holm7.de\/da\/","name":"Moderne und gro\u00dfe Handelsfl\u00e4chen | Holm 7","description":"","publisher":{"@id":"https:\/\/holm7.de\/da\/#organization"},"potentialAction":[{"@type":"SearchAction","target":{"@type":"EntryPoint","urlTemplate":"https:\/\/holm7.de\/da\/?s={search_term_string}"},"query-input":{"@type":"PropertyValueSpecification","valueRequired":true,"valueName":"search_term_string"}}],"inLanguage":"da-DK"},{"@type":"Organization","@id":"https:\/\/holm7.de\/da\/#organization","name":"Moderne und gro\u00dfe Handelsfl\u00e4chen | Holm 7","url":"https:\/\/holm7.de\/da\/","logo":{"@type":"ImageObject","inLanguage":"da-DK","@id":"https:\/\/holm7.de\/da\/#\/schema\/logo\/image\/","url":"https:\/\/holm7.de\/wp-content\/uploads\/Logo_rot.svg","contentUrl":"https:\/\/holm7.de\/wp-content\/uploads\/Logo_rot.svg","caption":"Moderne und gro\u00dfe Handelsfl\u00e4chen | Holm 7"},"image":{"@id":"https:\/\/holm7.de\/da\/#\/schema\/logo\/image\/"}}]}},"_links":{"self":[{"href":"https:\/\/holm7.de\/da\/wp-json\/wp\/v2\/pages\/4695","targetHints":{"allow":["GET"]}}],"collection":[{"href":"https:\/\/holm7.de\/da\/wp-json\/wp\/v2\/pages"}],"about":[{"href":"https:\/\/holm7.de\/da\/wp-json\/wp\/v2\/types\/page"}],"author":[{"embeddable":true,"href":"https:\/\/holm7.de\/da\/wp-json\/wp\/v2\/users\/1"}],"replies":[{"embeddable":true,"href":"https:\/\/holm7.de\/da\/wp-json\/wp\/v2\/comments?post=4695"}],"version-history":[{"count":4,"href":"https:\/\/holm7.de\/da\/wp-json\/wp\/v2\/pages\/4695\/revisions"}],"predecessor-version":[{"id":4699,"href":"https:\/\/holm7.de\/da\/wp-json\/wp\/v2\/pages\/4695\/revisions\/4699"}],"wp:attachment":[{"href":"https:\/\/holm7.de\/da\/wp-json\/wp\/v2\/media?parent=4695"}],"curies":[{"name":"wp","href":"https:\/\/api.w.org\/{rel}","templated":true}]}}